{"id":177,"date":"2024-07-10T17:58:26","date_gmt":"2024-07-10T15:58:26","guid":{"rendered":"https:\/\/www.caracteres-paris.com\/?page_id=177"},"modified":"2025-03-26T17:29:39","modified_gmt":"2025-03-26T16:29:39","slug":"savoir-faire","status":"publish","type":"page","link":"https:\/\/www.caracteres-paris.com\/en\/savoir-faire\/","title":{"rendered":"Expertise"},"content":{"rendered":"<div data-elementor-type=\"wp-page\" data-elementor-id=\"177\" class=\"elementor elementor-177\" data-elementor-post-type=\"page\">\n\t\t\t\t<div class=\"elementor-element elementor-element-7ec215e e-flex e-con-boxed e-con e-parent\" data-id=\"7ec215e\" data-element_type=\"container\">\n\t\t\t\t\t<div class=\"e-con-inner\">\n\t\t\t\t<div class=\"elementor-element elementor-element-7f071f3 elementor-widget elementor-widget-heading\" data-id=\"7f071f3\" data-element_type=\"widget\" data-widget_type=\"heading.default\">\n\t\t\t\t<div class=\"elementor-widget-container\">\n\t\t\t<h1 class=\"elementor-heading-title elementor-size-default\">Expertise<\/h1>\t\t<\/div>\n\t\t\t\t<\/div>\n\t\t\t\t<div class=\"elementor-element elementor-element-53f4c48 elementor-widget elementor-widget-heading\" data-id=\"53f4c48\" data-element_type=\"widget\" data-widget_type=\"heading.default\">\n\t\t\t\t<div class=\"elementor-widget-container\">\n\t\t\t<h4 class=\"elementor-heading-title elementor-size-default\">Brand Elevation through Contemporary Art Craftsmanship<\/h4>\t\t<\/div>\n\t\t\t\t<\/div>\n\t\t\t\t<div class=\"elementor-element elementor-element-2b5da29 elementor-widget elementor-widget-text-editor\" data-id=\"2b5da29\" data-element_type=\"widget\" data-widget_type=\"text-editor.default\">\n\t\t\t\t<div class=\"elementor-widget-container\">\n\t\t\t\t\t\t\t<p>Caract\u00e8res is the pre-eminent agency specialising in brand enhancement through contemporary art and craftsmanship. Our aim is to highlight the identity of brands, houses and institutions through the orchestration of the creative work of artists, craftspeople and designers.<\/p>\t\t\t\t\t\t<\/div>\n\t\t\t\t<\/div>\n\t\t\t\t\t<\/div>\n\t\t\t\t<\/div>\n\t\t<div class=\"elementor-element elementor-element-6e2a127 e-grid e-con-boxed e-con e-parent\" data-id=\"6e2a127\" data-element_type=\"container\">\n\t\t\t\t\t<div class=\"e-con-inner\">\n\t\t<div class=\"elementor-element elementor-element-b629122 e-con-full e-grid e-con e-child\" data-id=\"b629122\" data-element_type=\"container\">\n\t\t\t\t<div class=\"elementor-element elementor-element-1737639 elementor-widget elementor-widget-heading\" data-id=\"1737639\" data-element_type=\"widget\" data-widget_type=\"heading.default\">\n\t\t\t\t<div class=\"elementor-widget-container\">\n\t\t\t<h3 class=\"elementor-heading-title elementor-size-default\">#1.STRATEGIC ART CRAFTSMANSHIP CURATION<\/h3>\t\t<\/div>\n\t\t\t\t<\/div>\n\t\t\t\t<div class=\"elementor-element elementor-element-5db087f animated-fast elementor-invisible elementor-widget elementor-widget-image\" data-id=\"5db087f\" data-element_type=\"widget\" data-settings=\"{&quot;_animation&quot;:&quot;fadeIn&quot;}\" data-widget_type=\"image.default\">\n\t\t\t\t<div class=\"elementor-widget-container\">\n\t\t\t\t\t\t\t\t\t\t\t\t\t<img fetchpriority=\"high\" decoding=\"async\" width=\"723\" height=\"1024\" src=\"https:\/\/www.caracteres-paris.com\/wp-content\/uploads\/2024\/09\/BRUNO_PAILLARD_KV_NEUTRE_ETQ_FINAL_EXE-723x1024.jpg\" class=\"attachment-large size-large wp-image-2612\" alt=\"Bruno Paillard - Conseil en valorisation de marque\" srcset=\"https:\/\/www.caracteres-paris.com\/wp-content\/uploads\/2024\/09\/BRUNO_PAILLARD_KV_NEUTRE_ETQ_FINAL_EXE-723x1024.jpg 723w, https:\/\/www.caracteres-paris.com\/wp-content\/uploads\/2024\/09\/BRUNO_PAILLARD_KV_NEUTRE_ETQ_FINAL_EXE-212x300.jpg 212w, https:\/\/www.caracteres-paris.com\/wp-content\/uploads\/2024\/09\/BRUNO_PAILLARD_KV_NEUTRE_ETQ_FINAL_EXE-768x1087.jpg 768w, https:\/\/www.caracteres-paris.com\/wp-content\/uploads\/2024\/09\/BRUNO_PAILLARD_KV_NEUTRE_ETQ_FINAL_EXE-1085x1536.jpg 1085w, https:\/\/www.caracteres-paris.com\/wp-content\/uploads\/2024\/09\/BRUNO_PAILLARD_KV_NEUTRE_ETQ_FINAL_EXE-1447x2048.jpg 1447w, https:\/\/www.caracteres-paris.com\/wp-content\/uploads\/2024\/09\/BRUNO_PAILLARD_KV_NEUTRE_ETQ_FINAL_EXE-8x12.jpg 8w, https:\/\/www.caracteres-paris.com\/wp-content\/uploads\/2024\/09\/BRUNO_PAILLARD_KV_NEUTRE_ETQ_FINAL_EXE.jpg 1568w\" sizes=\"(max-width: 723px) 100vw, 723px\" \/>\t\t\t\t\t\t\t\t\t\t\t\t\t<\/div>\n\t\t\t\t<\/div>\n\t\t\t\t<div class=\"elementor-element elementor-element-4f7d740 elementor-widget elementor-widget-text-editor\" data-id=\"4f7d740\" data-element_type=\"widget\" data-widget_type=\"text-editor.default\">\n\t\t\t\t<div class=\"elementor-widget-container\">\n\t\t\t\t\t\t\t<div title=\"Page 6\"><div title=\"Page 6\"><p>The recommendation of strategic projects<br \/>Conceptual creation and storytelling<br \/>Talent sourcing though our access to an exclusive catalogue of contemporary craftspeople<\/p><\/div><\/div>\t\t\t\t\t\t<\/div>\n\t\t\t\t<\/div>\n\t\t\t\t<\/div>\n\t\t<div class=\"elementor-element elementor-element-1e18a61 e-con-full e-grid e-con e-child\" data-id=\"1e18a61\" data-element_type=\"container\">\n\t\t\t\t<div class=\"elementor-element elementor-element-54ce2e0 elementor-widget elementor-widget-heading\" data-id=\"54ce2e0\" data-element_type=\"widget\" data-widget_type=\"heading.default\">\n\t\t\t\t<div class=\"elementor-widget-container\">\n\t\t\t<h3 class=\"elementor-heading-title elementor-size-default\">#2. EXPERIENCES &amp; WORKSHOPS WITH ARTISANS<\/h3>\t\t<\/div>\n\t\t\t\t<\/div>\n\t\t\t\t<div class=\"elementor-element elementor-element-9603bbb animated-fast elementor-invisible elementor-widget elementor-widget-image\" data-id=\"9603bbb\" data-element_type=\"widget\" data-settings=\"{&quot;_animation&quot;:&quot;fadeIn&quot;}\" data-widget_type=\"image.default\">\n\t\t\t\t<div class=\"elementor-widget-container\">\n\t\t\t\t\t\t\t\t\t\t\t\t\t<img decoding=\"async\" width=\"683\" height=\"1024\" src=\"https:\/\/www.caracteres-paris.com\/wp-content\/uploads\/2024\/10\/MG_6218v2-scaled.jpg\" class=\"attachment-large size-large wp-image-3044\" alt=\"Joh\u00e9 Bruneau, Ruinart, Plateau upcycled\" srcset=\"https:\/\/www.caracteres-paris.com\/wp-content\/uploads\/2024\/10\/MG_6218v2-scaled.jpg 1707w, https:\/\/www.caracteres-paris.com\/wp-content\/uploads\/2024\/10\/MG_6218v2-200x300.jpg 200w\" sizes=\"(max-width: 683px) 100vw, 683px\" \/>\t\t\t\t\t\t\t\t\t\t\t\t\t<\/div>\n\t\t\t\t<\/div>\n\t\t\t\t<div class=\"elementor-element elementor-element-0dd63d9 elementor-widget elementor-widget-text-editor\" data-id=\"0dd63d9\" data-element_type=\"widget\" data-widget_type=\"text-editor.default\">\n\t\t\t\t<div class=\"elementor-widget-container\">\n\t\t\t\t\t\t\t<div title=\"Page 6\"><div title=\"Page 6\"><p>Presentation by craftsperson<br \/>Demonstration of skills<br \/>Workshop visits<br \/>Tailored-made Exhibitions<\/p><\/div><\/div>\t\t\t\t\t\t<\/div>\n\t\t\t\t<\/div>\n\t\t\t\t<\/div>\n\t\t<div class=\"elementor-element elementor-element-b9cbe04 e-con-full e-grid e-con e-child\" data-id=\"b9cbe04\" data-element_type=\"container\">\n\t\t\t\t<div class=\"elementor-element elementor-element-689ba7b elementor-widget elementor-widget-heading\" data-id=\"689ba7b\" data-element_type=\"widget\" data-widget_type=\"heading.default\">\n\t\t\t\t<div class=\"elementor-widget-container\">\n\t\t\t<h3 class=\"elementor-heading-title elementor-size-default\">#3. OBJECTS &amp; LIMITED EDITIONS<\/h3>\t\t<\/div>\n\t\t\t\t<\/div>\n\t\t\t\t<div class=\"elementor-element elementor-element-09a8c3b animated-fast elementor-invisible elementor-widget elementor-widget-image\" data-id=\"09a8c3b\" data-element_type=\"widget\" data-settings=\"{&quot;_animation&quot;:&quot;fadeIn&quot;}\" data-widget_type=\"image.default\">\n\t\t\t\t<div class=\"elementor-widget-container\">\n\t\t\t\t\t\t\t\t\t\t\t\t\t<img decoding=\"async\" width=\"392\" height=\"492\" src=\"https:\/\/www.caracteres-paris.com\/wp-content\/uploads\/2024\/08\/Editions-limitees-pour-Dom-Perignon-copyright-Dom-Perignon-pour-objets.jpg\" class=\"attachment-large size-large wp-image-2502\" alt=\"Editions limite\u0301es pour Dom Pe\u0301rignon, copyright Dom Pe\u0301rignon\" srcset=\"https:\/\/www.caracteres-paris.com\/wp-content\/uploads\/2024\/08\/Editions-limitees-pour-Dom-Perignon-copyright-Dom-Perignon-pour-objets.jpg 392w, https:\/\/www.caracteres-paris.com\/wp-content\/uploads\/2024\/08\/Editions-limitees-pour-Dom-Perignon-copyright-Dom-Perignon-pour-objets-239x300.jpg 239w, https:\/\/www.caracteres-paris.com\/wp-content\/uploads\/2024\/08\/Editions-limitees-pour-Dom-Perignon-copyright-Dom-Perignon-pour-objets-10x12.jpg 10w\" sizes=\"(max-width: 392px) 100vw, 392px\" \/>\t\t\t\t\t\t\t\t\t\t\t\t\t<\/div>\n\t\t\t\t<\/div>\n\t\t\t\t<div class=\"elementor-element elementor-element-2aada49 elementor-widget elementor-widget-text-editor\" data-id=\"2aada49\" data-element_type=\"widget\" data-widget_type=\"text-editor.default\">\n\t\t\t\t<div class=\"elementor-widget-container\">\n\t\t\t\t\t\t\t<div title=\"Page 6\"><div title=\"Page 6\"><p>Personalisation and collaboration<br \/>Limited edition collections<br \/>VIP client gifts<br \/>Decorative art objects<\/p><\/div><\/div>\t\t\t\t\t\t<\/div>\n\t\t\t\t<\/div>\n\t\t\t\t<\/div>\n\t\t<div class=\"elementor-element elementor-element-9be0357 e-con-full e-grid e-con e-child\" data-id=\"9be0357\" data-element_type=\"container\">\n\t\t\t\t<div class=\"elementor-element elementor-element-65d4e5a elementor-widget elementor-widget-heading\" data-id=\"65d4e5a\" data-element_type=\"widget\" data-widget_type=\"heading.default\">\n\t\t\t\t<div class=\"elementor-widget-container\">\n\t\t\t<h3 class=\"elementor-heading-title elementor-size-default\">#4. SETTINGS, DECORS &amp; VISUAL MERCHANDISING<\/h3>\t\t<\/div>\n\t\t\t\t<\/div>\n\t\t\t\t<div class=\"elementor-element elementor-element-ba6c6a8 animated-fast elementor-invisible elementor-widget elementor-widget-image\" data-id=\"ba6c6a8\" data-element_type=\"widget\" data-settings=\"{&quot;_animation&quot;:&quot;fadeIn&quot;}\" data-widget_type=\"image.default\">\n\t\t\t\t<div class=\"elementor-widget-container\">\n\t\t\t\t\t\t\t\t\t\t\t\t\t<img loading=\"lazy\" decoding=\"async\" width=\"683\" height=\"1024\" src=\"https:\/\/www.caracteres-paris.com\/wp-content\/uploads\/2024\/10\/Caracteresparis_artisanat_MorganeBaroghel_ASTER-3-683x1024.jpg\" class=\"attachment-large size-large wp-image-3024\" alt=\"Morgane Baroghel, D\u00e9cors, scenographies\" srcset=\"https:\/\/www.caracteres-paris.com\/wp-content\/uploads\/2024\/10\/Caracteresparis_artisanat_MorganeBaroghel_ASTER-3-683x1024.jpg 683w, https:\/\/www.caracteres-paris.com\/wp-content\/uploads\/2024\/10\/Caracteresparis_artisanat_MorganeBaroghel_ASTER-3-200x300.jpg 200w, https:\/\/www.caracteres-paris.com\/wp-content\/uploads\/2024\/10\/Caracteresparis_artisanat_MorganeBaroghel_ASTER-3-768x1152.jpg 768w, https:\/\/www.caracteres-paris.com\/wp-content\/uploads\/2024\/10\/Caracteresparis_artisanat_MorganeBaroghel_ASTER-3-1024x1536.jpg 1024w, https:\/\/www.caracteres-paris.com\/wp-content\/uploads\/2024\/10\/Caracteresparis_artisanat_MorganeBaroghel_ASTER-3-1365x2048.jpg 1365w, https:\/\/www.caracteres-paris.com\/wp-content\/uploads\/2024\/10\/Caracteresparis_artisanat_MorganeBaroghel_ASTER-3-8x12.jpg 8w, https:\/\/www.caracteres-paris.com\/wp-content\/uploads\/2024\/10\/Caracteresparis_artisanat_MorganeBaroghel_ASTER-3-scaled.jpg 1707w\" sizes=\"(max-width: 683px) 100vw, 683px\" \/>\t\t\t\t\t\t\t\t\t\t\t\t\t<\/div>\n\t\t\t\t<\/div>\n\t\t\t\t<div class=\"elementor-element elementor-element-bdcab0c elementor-widget elementor-widget-text-editor\" data-id=\"bdcab0c\" data-element_type=\"widget\" data-widget_type=\"text-editor.default\">\n\t\t\t\t<div class=\"elementor-widget-container\">\n\t\t\t\t\t\t\t<div title=\"Page 6\"><div title=\"Page 6\"><p>Customised boutique, restaurant or hotel d\u00e9cors<br \/>Events, pop-ups and window dressing<br \/>In-situ work of art installation<br \/>Tailored-made Exhibitions<br \/>Set design<\/p><\/div><\/div>\t\t\t\t\t\t<\/div>\n\t\t\t\t<\/div>\n\t\t\t\t<\/div>\n\t\t\t\t\t<\/div>\n\t\t\t\t<\/div>\n\t\t\t\t<\/div>","protected":false},"excerpt":{"rendered":"<p>M\u00e9tier Valoriser les marques par l&rsquo;Artisanat d&rsquo;Art Contemporain Caract\u00e8res est l\u2019agence r\u00e9f\u00e9rente de valorisation des marques par l\u2019art et l\u2019artisanat contemporain. Nous sublimons l\u2019identit\u00e9 des marques, maisons ou institutions en orchestrant pour elles l\u2019intervention d\u2019artistes et designers de la mati\u00e8re. #1. CONSEIL EN VALORISATION DE MARQUE Recommandation strat\u00e9gique de projet\u00c9criture de concept &amp; storytellingSourcing de [&hellip;]<\/p>","protected":false},"author":1,"featured_media":0,"parent":0,"menu_order":0,"comment_status":"closed","ping_status":"closed","template":"","meta":{"footnotes":""},"class_list":["post-177","page","type-page","status-publish","hentry"],"yoast_head":"<!-- This site is optimized with the Yoast SEO plugin v23.6 - https:\/\/yoast.com\/wordpress\/plugins\/seo\/ -->\n<title>M\u00e9tier - Caract\u00e8res Paris<\/title>\n<meta name=\"description\" content=\"Valorisez votre marque par l\u2019artisanat d\u2019art contemporain : conseil, exp\u00e9riences, objets sur mesure et sc\u00e9nographies sign\u00e9es Caract\u00e8res.\" \/>\n<meta name=\"robots\" content=\"index, follow, max-snippet:-1, max-image-preview:large, max-video-preview:-1\" \/>\n<link rel=\"canonical\" href=\"https:\/\/www.caracteres-paris.com\/en\/savoir-faire\/\" \/>\n<meta property=\"og:locale\" content=\"en_GB\" \/>\n<meta property=\"og:type\" content=\"article\" \/>\n<meta property=\"og:title\" content=\"M\u00e9tier - Caract\u00e8res Paris\" \/>\n<meta property=\"og:description\" content=\"Valorisez votre marque par l\u2019artisanat d\u2019art contemporain : conseil, exp\u00e9riences, objets sur mesure et sc\u00e9nographies sign\u00e9es Caract\u00e8res.\" \/>\n<meta property=\"og:url\" content=\"https:\/\/www.caracteres-paris.com\/en\/savoir-faire\/\" \/>\n<meta property=\"og:site_name\" content=\"Caract\u00e8res Paris\" \/>\n<meta property=\"article:publisher\" content=\"https:\/\/www.facebook.com\/caracteresparis\" \/>\n<meta property=\"article:modified_time\" content=\"2025-03-26T16:29:39+00:00\" \/>\n<meta property=\"og:image\" content=\"https:\/\/www.caracteres-paris.com\/wp-content\/uploads\/2024\/09\/BRUNO_PAILLARD_KV_NEUTRE_ETQ_FINAL_EXE-723x1024.jpg\" \/>\n<meta name=\"twitter:card\" content=\"summary_large_image\" \/>\n<meta name=\"twitter:label1\" content=\"Estimated reading time\" \/>\n\t<meta name=\"twitter:data1\" content=\"2 minutes\" \/>\n<script type=\"application\/ld+json\" class=\"yoast-schema-graph\">{\"@context\":\"https:\/\/schema.org\",\"@graph\":[{\"@type\":\"WebPage\",\"@id\":\"https:\/\/www.caracteres-paris.com\/savoir-faire\/\",\"url\":\"https:\/\/www.caracteres-paris.com\/savoir-faire\/\",\"name\":\"M\u00e9tier - Caract\u00e8res Paris\",\"isPartOf\":{\"@id\":\"https:\/\/www.caracteres-paris.com:80\/#website\"},\"primaryImageOfPage\":{\"@id\":\"https:\/\/www.caracteres-paris.com\/savoir-faire\/#primaryimage\"},\"image\":{\"@id\":\"https:\/\/www.caracteres-paris.com\/savoir-faire\/#primaryimage\"},\"thumbnailUrl\":\"https:\/\/www.caracteres-paris.com\/wp-content\/uploads\/2024\/09\/BRUNO_PAILLARD_KV_NEUTRE_ETQ_FINAL_EXE-723x1024.jpg\",\"datePublished\":\"2024-07-10T15:58:26+00:00\",\"dateModified\":\"2025-03-26T16:29:39+00:00\",\"description\":\"Valorisez votre marque par l\u2019artisanat d\u2019art contemporain : conseil, exp\u00e9riences, objets sur mesure et sc\u00e9nographies sign\u00e9es Caract\u00e8res.\",\"breadcrumb\":{\"@id\":\"https:\/\/www.caracteres-paris.com\/savoir-faire\/#breadcrumb\"},\"inLanguage\":\"en-GB\",\"potentialAction\":[{\"@type\":\"ReadAction\",\"target\":[\"https:\/\/www.caracteres-paris.com\/savoir-faire\/\"]}]},{\"@type\":\"ImageObject\",\"inLanguage\":\"en-GB\",\"@id\":\"https:\/\/www.caracteres-paris.com\/savoir-faire\/#primaryimage\",\"url\":\"https:\/\/www.caracteres-paris.com\/wp-content\/uploads\/2024\/09\/BRUNO_PAILLARD_KV_NEUTRE_ETQ_FINAL_EXE-723x1024.jpg\",\"contentUrl\":\"https:\/\/www.caracteres-paris.com\/wp-content\/uploads\/2024\/09\/BRUNO_PAILLARD_KV_NEUTRE_ETQ_FINAL_EXE-723x1024.jpg\"},{\"@type\":\"BreadcrumbList\",\"@id\":\"https:\/\/www.caracteres-paris.com\/savoir-faire\/#breadcrumb\",\"itemListElement\":[{\"@type\":\"ListItem\",\"position\":1,\"name\":\"Accueil\",\"item\":\"https:\/\/www.caracteres-paris.com\/\"},{\"@type\":\"ListItem\",\"position\":2,\"name\":\"M\u00e9tier\"}]},{\"@type\":\"WebSite\",\"@id\":\"https:\/\/www.caracteres-paris.com:80\/#website\",\"url\":\"https:\/\/www.caracteres-paris.com:80\/\",\"name\":\"Caract\u00e8res Paris\",\"description\":\"Curation et gestion de projets d&#039;artisanat d&#039;art \u00e0 destination des entreprises\",\"publisher\":{\"@id\":\"https:\/\/www.caracteres-paris.com:80\/#organization\"},\"potentialAction\":[{\"@type\":\"SearchAction\",\"target\":{\"@type\":\"EntryPoint\",\"urlTemplate\":\"https:\/\/www.caracteres-paris.com:80\/?s={search_term_string}\"},\"query-input\":{\"@type\":\"PropertyValueSpecification\",\"valueRequired\":true,\"valueName\":\"search_term_string\"}}],\"inLanguage\":\"en-GB\"},{\"@type\":\"Organization\",\"@id\":\"https:\/\/www.caracteres-paris.com:80\/#organization\",\"name\":\"Caract\u00e8res Paris\",\"url\":\"https:\/\/www.caracteres-paris.com:80\/\",\"logo\":{\"@type\":\"ImageObject\",\"inLanguage\":\"en-GB\",\"@id\":\"https:\/\/www.caracteres-paris.com:80\/#\/schema\/logo\/image\/\",\"url\":\"https:\/\/www.caracteres-paris.com\/wp-content\/uploads\/2024\/07\/LOGO_CP_NOIR.svg\",\"contentUrl\":\"https:\/\/www.caracteres-paris.com\/wp-content\/uploads\/2024\/07\/LOGO_CP_NOIR.svg\",\"width\":484,\"height\":157,\"caption\":\"Caract\u00e8res Paris\"},\"image\":{\"@id\":\"https:\/\/www.caracteres-paris.com:80\/#\/schema\/logo\/image\/\"},\"sameAs\":[\"https:\/\/www.facebook.com\/caracteresparis\",\"https:\/\/www.instagram.com\/caracteresparis\/\",\"https:\/\/www.linkedin.com\/company\/caracteres-paris\/\"]}]}<\/script>\n<!-- \/ Yoast SEO plugin. -->","yoast_head_json":{"title":"M\u00e9tier - Caract\u00e8res Paris","description":"Valorisez votre marque par l\u2019artisanat d\u2019art contemporain : conseil, exp\u00e9riences, objets sur mesure et sc\u00e9nographies sign\u00e9es Caract\u00e8res.","robots":{"index":"index","follow":"follow","max-snippet":"max-snippet:-1","max-image-preview":"max-image-preview:large","max-video-preview":"max-video-preview:-1"},"canonical":"https:\/\/www.caracteres-paris.com\/en\/savoir-faire\/","og_locale":"en_GB","og_type":"article","og_title":"M\u00e9tier - Caract\u00e8res Paris","og_description":"Valorisez votre marque par l\u2019artisanat d\u2019art contemporain : conseil, exp\u00e9riences, objets sur mesure et sc\u00e9nographies sign\u00e9es Caract\u00e8res.","og_url":"https:\/\/www.caracteres-paris.com\/en\/savoir-faire\/","og_site_name":"Caract\u00e8res Paris","article_publisher":"https:\/\/www.facebook.com\/caracteresparis","article_modified_time":"2025-03-26T16:29:39+00:00","og_image":[{"url":"https:\/\/www.caracteres-paris.com\/wp-content\/uploads\/2024\/09\/BRUNO_PAILLARD_KV_NEUTRE_ETQ_FINAL_EXE-723x1024.jpg"}],"twitter_card":"summary_large_image","twitter_misc":{"Estimated reading time":"2 minutes"},"schema":{"@context":"https:\/\/schema.org","@graph":[{"@type":"WebPage","@id":"https:\/\/www.caracteres-paris.com\/savoir-faire\/","url":"https:\/\/www.caracteres-paris.com\/savoir-faire\/","name":"M\u00e9tier - Caract\u00e8res Paris","isPartOf":{"@id":"https:\/\/www.caracteres-paris.com:80\/#website"},"primaryImageOfPage":{"@id":"https:\/\/www.caracteres-paris.com\/savoir-faire\/#primaryimage"},"image":{"@id":"https:\/\/www.caracteres-paris.com\/savoir-faire\/#primaryimage"},"thumbnailUrl":"https:\/\/www.caracteres-paris.com\/wp-content\/uploads\/2024\/09\/BRUNO_PAILLARD_KV_NEUTRE_ETQ_FINAL_EXE-723x1024.jpg","datePublished":"2024-07-10T15:58:26+00:00","dateModified":"2025-03-26T16:29:39+00:00","description":"Valorisez votre marque par l\u2019artisanat d\u2019art contemporain : conseil, exp\u00e9riences, objets sur mesure et sc\u00e9nographies sign\u00e9es Caract\u00e8res.","breadcrumb":{"@id":"https:\/\/www.caracteres-paris.com\/savoir-faire\/#breadcrumb"},"inLanguage":"en-GB","potentialAction":[{"@type":"ReadAction","target":["https:\/\/www.caracteres-paris.com\/savoir-faire\/"]}]},{"@type":"ImageObject","inLanguage":"en-GB","@id":"https:\/\/www.caracteres-paris.com\/savoir-faire\/#primaryimage","url":"https:\/\/www.caracteres-paris.com\/wp-content\/uploads\/2024\/09\/BRUNO_PAILLARD_KV_NEUTRE_ETQ_FINAL_EXE-723x1024.jpg","contentUrl":"https:\/\/www.caracteres-paris.com\/wp-content\/uploads\/2024\/09\/BRUNO_PAILLARD_KV_NEUTRE_ETQ_FINAL_EXE-723x1024.jpg"},{"@type":"BreadcrumbList","@id":"https:\/\/www.caracteres-paris.com\/savoir-faire\/#breadcrumb","itemListElement":[{"@type":"ListItem","position":1,"name":"Accueil","item":"https:\/\/www.caracteres-paris.com\/"},{"@type":"ListItem","position":2,"name":"M\u00e9tier"}]},{"@type":"WebSite","@id":"https:\/\/www.caracteres-paris.com:80\/#website","url":"https:\/\/www.caracteres-paris.com:80\/","name":"Caract\u00e8res Paris","description":"Curation et gestion de projets d&#039;artisanat d&#039;art \u00e0 destination des entreprises","publisher":{"@id":"https:\/\/www.caracteres-paris.com:80\/#organization"},"potentialAction":[{"@type":"SearchAction","target":{"@type":"EntryPoint","urlTemplate":"https:\/\/www.caracteres-paris.com:80\/?s={search_term_string}"},"query-input":{"@type":"PropertyValueSpecification","valueRequired":true,"valueName":"search_term_string"}}],"inLanguage":"en-GB"},{"@type":"Organization","@id":"https:\/\/www.caracteres-paris.com:80\/#organization","name":"Caract\u00e8res Paris","url":"https:\/\/www.caracteres-paris.com:80\/","logo":{"@type":"ImageObject","inLanguage":"en-GB","@id":"https:\/\/www.caracteres-paris.com:80\/#\/schema\/logo\/image\/","url":"https:\/\/www.caracteres-paris.com\/wp-content\/uploads\/2024\/07\/LOGO_CP_NOIR.svg","contentUrl":"https:\/\/www.caracteres-paris.com\/wp-content\/uploads\/2024\/07\/LOGO_CP_NOIR.svg","width":484,"height":157,"caption":"Caract\u00e8res Paris"},"image":{"@id":"https:\/\/www.caracteres-paris.com:80\/#\/schema\/logo\/image\/"},"sameAs":["https:\/\/www.facebook.com\/caracteresparis","https:\/\/www.instagram.com\/caracteresparis\/","https:\/\/www.linkedin.com\/company\/caracteres-paris\/"]}]}},"_links":{"self":[{"href":"https:\/\/www.caracteres-paris.com\/en\/wp-json\/wp\/v2\/pages\/177","targetHints":{"allow":["GET"]}}],"collection":[{"href":"https:\/\/www.caracteres-paris.com\/en\/wp-json\/wp\/v2\/pages"}],"about":[{"href":"https:\/\/www.caracteres-paris.com\/en\/wp-json\/wp\/v2\/types\/page"}],"author":[{"embeddable":true,"href":"https:\/\/www.caracteres-paris.com\/en\/wp-json\/wp\/v2\/users\/1"}],"replies":[{"embeddable":true,"href":"https:\/\/www.caracteres-paris.com\/en\/wp-json\/wp\/v2\/comments?post=177"}],"version-history":[{"count":58,"href":"https:\/\/www.caracteres-paris.com\/en\/wp-json\/wp\/v2\/pages\/177\/revisions"}],"predecessor-version":[{"id":3197,"href":"https:\/\/www.caracteres-paris.com\/en\/wp-json\/wp\/v2\/pages\/177\/revisions\/3197"}],"wp:attachment":[{"href":"https:\/\/www.caracteres-paris.com\/en\/wp-json\/wp\/v2\/media?parent=177"}],"curies":[{"name":"wp","href":"https:\/\/api.w.org\/{rel}","templated":true}]}}