{"id":2441,"date":"2024-07-17T14:24:03","date_gmt":"2024-07-17T12:24:03","guid":{"rendered":"https:\/\/www.caracteres-paris.com\/?page_id=2441"},"modified":"2025-03-26T17:27:49","modified_gmt":"2025-03-26T16:27:49","slug":"politique-de-confidentialite","status":"publish","type":"page","link":"https:\/\/www.caracteres-paris.com\/en\/politique-de-confidentialite\/","title":{"rendered":"Privacy Policy"},"content":{"rendered":"<div data-elementor-type=\"wp-page\" data-elementor-id=\"2441\" class=\"elementor elementor-2441\" data-elementor-post-type=\"page\">\n\t\t\t\t<div class=\"elementor-element elementor-element-684084f e-flex e-con-boxed e-con e-parent\" data-id=\"684084f\" data-element_type=\"container\">\n\t\t\t\t\t<div class=\"e-con-inner\">\n\t\t\t\t\t<\/div>\n\t\t\t\t<\/div>\n\t\t<div class=\"elementor-element elementor-element-a345829 e-flex e-con-boxed e-con e-parent\" data-id=\"a345829\" data-element_type=\"container\">\n\t\t\t\t\t<div class=\"e-con-inner\">\n\t\t\t\t<div class=\"elementor-element elementor-element-b0b9bc3 elementor-widget elementor-widget-text-editor\" data-id=\"b0b9bc3\" data-element_type=\"widget\" data-widget_type=\"text-editor.default\">\n\t\t\t\t<div class=\"elementor-widget-container\">\n\t\t\t\t\t\t\t<h2 class=\"fusion-responsive-typography-calculated\" data-fontsize=\"20\" data-lineheight=\"30px\">Our Personal Data Protection Policy<\/h2><p>In line with the EU General Data Protection Regulation (Regulation EU 2016\/679), this policy clearly sets out how \u201cCaract\u00e8res\u201d collects and uses personal data. By \u201cpersonal data\u201d we mean any information about a natural person who has been or can be identified.<\/p><h2 class=\"fusion-responsive-typography-calculated\" data-fontsize=\"20\" data-lineheight=\"30px\"><strong>The data we collect<\/strong><\/h2><p>The only data we hold are those you entrust to us:<\/p><ul><li>during the events in which we take part<\/li><li>via the contact address on our website<\/li><li>when you interact with us on social networks<\/li><li>in other written or verbal interactions or correspondence.<\/li><\/ul><p>The personal information we hold about you is restricted to the following:<\/p><ul><li>Your name<\/li><li>Your postal address<\/li><li>Your email address<\/li><li>Your telephone numbers<\/li><li>Your interactions with us via our website and on social networks<\/li><li>The specific activity in which you engaged with \u201cCaract\u00e8res\u201d<\/li><\/ul><p>We do not collect data from third parties.<\/p><h2 class=\"fusion-responsive-typography-calculated\" data-fontsize=\"20\" data-lineheight=\"30px\"><strong>How we use your data<\/strong><\/h2><p>We collect your data for the following purposes:<\/p><ul><li>to keep you informed about our activities<\/li><li>to invite you to events connected with our business activities<\/li><li>to carry out agreements entered into with you and to comply with our legal obligations (e.g. as regards invoicing).<\/li><\/ul><p>to carry out agreements entered into with you and to comply with our legal obligations (e.g. as regards invoicing).<\/p><h2 class=\"fusion-responsive-typography-calculated\" data-fontsize=\"20\" data-lineheight=\"30px\"><strong>Our commitment to confidentiality<\/strong><\/h2><p>We will not share your information with third parties, with the following exceptions:<\/p><ul><li>law enforcement bodies, provided that the information is requested for legitimate reasons<\/li><li>contractors whose services we use to provide services to you (e.g. communicating your address to the courier firm we use for deliveries of pieces)<\/li><li>organisers of events in which we take part, some of whom ask us to supply contact details (usually name and email address) for the purpose of sending out invitations to individuals identified by us.<\/li><\/ul><p>We are careful to ensure that partners and contractors only receive such data as are strictly necessary for them to carry out the agreed task. We do not share any other information with them.<\/p><h2 class=\"fusion-responsive-typography-calculated\" data-fontsize=\"20\" data-lineheight=\"30px\"><strong>Protecting your data<\/strong><\/h2><p>The personal information you entrust to us is saved in a computer file and stored on our server, which is located on our premises.<\/p><p>Computer access to data stored on our server is governed by a strict computer security policy. Our systems are protected by firewalls that are regularly upgraded.<\/p><p>Backup data is encrypted and held on external media in a dedicated location elsewhere than the server. Physical access to this location is also strictly controlled.<\/p><p>The same criteria are applied to email conversations, and the contents of our mailboxes are stored with an external provider.<\/p><p>Our staff access information from their personal computers. Each computer is protected by an individual password giving the designated user access to a session that is identified on our server.<\/p><h2 class=\"fusion-responsive-typography-calculated\" data-fontsize=\"20\" data-lineheight=\"30px\"><strong>Your right of access, correction and erasure<\/strong><\/h2><p>Under the modified version of the Law on Information Technology and Freedom of 6 January 1978 and Regulation (EU) 2016\/679 of the European Parliament and of the Council of 27 April 2016, you have the right to access your personal data, to obtain and reuse it (data portability), to request that it be corrected or erased, and to restrict the ways in which that data can be used.<\/p><p>For legitimate reasons, you can object to your data being processed.<\/p><p>Provided you can produce valid proof of identity, you can exercise this right by contacting us in writing by email at hello[at]caracteres-paris[.]com.<\/p><p>If you no longer wish to receive news, information, requests or invitations from us, we will unsubscribe you as soon as we receive your instruction to do so.<\/p><p class=\" translation-block\">For email marketing, we use Mailchimp<sup>TM<\/sup>, whose \u00a0<a href=\"https:\/\/mailchimp.com\/legal\/privacy\/\" target=\"_blank\" rel=\"noopener noreferrer\">privacy policy<\/a> we feel adequately reflects our concerns. Our email newsletters contain an \u201cunsubscribe\u201d button enabling you to unsubscribe from our mailing list at any time.<\/p><h2 class=\"fusion-responsive-typography-calculated\" data-fontsize=\"20\" data-lineheight=\"30px\"><strong>Our cookie policy<\/strong><\/h2><p>Our website uses cookies. We use cookies solely to enhance your experience of our website and to collect user statistics.<\/p><p>Third-party cookies may be stored on your computer to personalise and\/or enhance content (including advertising) offered by third parties while you are browsing our website. Different types of third-party cookie are used for different types of content. For example:<\/p><ul><li>Contenus R\u00e9seaux Sociaux\u00a0: nous pouvons \u00eatre amen\u00e9s \u00e0 publier sur notre site des contenus \u00e9manant de r\u00e9seaux sociaux. Ainsi, lorsque vous consultez un tel contenu plac\u00e9 sur notre site, un cookie du r\u00e9seau social correspondant peut \u00eatre enregistr\u00e9 sur votre terminal. Nous n\u2019avons aucun contr\u00f4le sur le processus employ\u00e9 par les r\u00e9seaux sociaux pour collecter des informations relatives \u00e0 votre navigation sur notre site et associ\u00e9es aux donn\u00e9es personnelles dont ils disposent. Nous vous invitons \u00e0 prendre connaissance de la politique de gestion de ces cookies de r\u00e9seaux sociaux sur les sites concern\u00e9s.<\/li><li class=\" translation-block\">Flash cookies are files stored by Flash<sup>TM<\/sup> Flash is often installed as a browser plug-in to allow you to view dynamic visual content such as animations or video sequences. So Flash cookies may be automatically enabled when you install the application. We recommend you read the Flash cookie policy at www.adobe.com\/fr\/ or www.adobe.com.<\/li><\/ul><p>If you refuse cookies or delete cookies stored on your computer, you may find that some features of the website do not work properly. This can also happen if we or our service providers are unable to identify your computer\u2019s browser, its language and display settings, or the country from which your computer appears to be connecting to Internet (this may be necessary to ensure technical compatibility). We cannot be held liable for any consequences resulting from reduced access to our services as a result of your refusal or deletion of cookies that are necessary for the website to function properly.<\/p><p>Different browsers configure cookie settings in different ways. You will find information about how to manage cookie preferences in your browser\u2019s Help menu.<\/p><p>To access the relevant Help menu, click on the name of your browser in the list below:<\/p><ul><li><a href=\"http:\/\/windows.microsoft.com\/fr-FR\/windows-vista\/Block-or-allow-cookies\" target=\"_blank\" rel=\"noopener noreferrer\"><strong>Internet Explorer\u2122<\/strong><\/a><\/li><li><a href=\"http:\/\/support.apple.com\/kb\/ht1677?viewlocale=fr_FR\" target=\"_blank\" rel=\"noopener noreferrer\"><strong>Safari\u2122<\/strong><\/a><\/li><li><a href=\"http:\/\/support.google.com\/chrome\/bin\/answer.py?hl=fr&amp;hlrm=en&amp;answer=95647\" target=\"_blank\" rel=\"noopener noreferrer\"><strong>Chrome\u2122<\/strong><\/a><\/li><li><a href=\"http:\/\/support.mozilla.org\/fr\/kb\/Activer%20et%20d%C3%A9sactiver%20les%20cookies\" target=\"_blank\" rel=\"noopener noreferrer\"><strong>Firefox\u2122<\/strong><\/a><\/li><li><a href=\"http:\/\/help.opera.com\/Windows\/10.20\/fr\/cookies.html\" target=\"_blank\" rel=\"noopener noreferrer\"><strong>Opera\u2122<\/strong><\/a><\/li><\/ul><p>You can also enable the \u201cDo No Track\u201d setting in your browser. This sends a code to websites indicating that you do not wish to be tracked.<\/p><p class=\" translation-block\">The Commission Nationale de l\u2019Informatique et des Libert\u00e9s (<a href=\"http:\/\/www.cnil.fr\/\" target=\"_blank\" rel=\"noopener noreferrer\"><strong>www.cnil.fr<\/strong><\/a>) can be contacted for further information or if you wish to make a complaint.\n<br><br>\n<i>This English translation is provided solely for information purposes. Only the original French version of the policy is legally binding.<\/i><\/p>\t\t\t\t\t\t<\/div>\n\t\t\t\t<\/div>\n\t\t\t\t\t<\/div>\n\t\t\t\t<\/div>\n\t\t\t\t<\/div>","protected":false},"excerpt":{"rendered":"<p>Notre Politique de protection des donn\u00e9es \u00e0 caract\u00e8re personnel Dans le cadre de l\u2019entr\u00e9e en vigueur du R\u00e8glement Europ\u00e9en pour la Protection des Donn\u00e9es \u00e0 caract\u00e8re personnel, nous souhaitons vous informer en transparence de la mani\u00e8re dont Caract\u00e8res collecte et utilise les donn\u00e9es personnelles, c\u2019est-\u00e0-dire toute information se rapportant \u00e0 une personne physique identifi\u00e9e ou [&hellip;]<\/p>","protected":false},"author":1,"featured_media":0,"parent":0,"menu_order":0,"comment_status":"closed","ping_status":"closed","template":"","meta":{"footnotes":""},"class_list":["post-2441","page","type-page","status-publish","hentry"],"yoast_head":"<!-- This site is optimized with the Yoast SEO plugin v23.6 - https:\/\/yoast.com\/wordpress\/plugins\/seo\/ -->\n<title>Politique de Confidentialit\u00e9 - Caract\u00e8res Paris<\/title>\n<meta name=\"robots\" content=\"noindex, nofollow\" \/>\n<meta property=\"og:locale\" content=\"en_GB\" \/>\n<meta property=\"og:type\" content=\"article\" \/>\n<meta property=\"og:title\" content=\"Politique de Confidentialit\u00e9 - Caract\u00e8res Paris\" \/>\n<meta property=\"og:description\" content=\"Notre Politique de protection des donn\u00e9es \u00e0 caract\u00e8re personnel Dans le cadre de l\u2019entr\u00e9e en vigueur du R\u00e8glement Europ\u00e9en pour la Protection des Donn\u00e9es \u00e0 caract\u00e8re personnel, nous souhaitons vous informer en transparence de la mani\u00e8re dont Caract\u00e8res collecte et utilise les donn\u00e9es personnelles, c\u2019est-\u00e0-dire toute information se rapportant \u00e0 une personne physique identifi\u00e9e ou [&hellip;]\" \/>\n<meta property=\"og:url\" content=\"https:\/\/www.caracteres-paris.com\/en\/politique-de-confidentialite\/\" \/>\n<meta property=\"og:site_name\" content=\"Caract\u00e8res Paris\" \/>\n<meta property=\"article:publisher\" content=\"https:\/\/www.facebook.com\/caracteresparis\" \/>\n<meta property=\"article:modified_time\" content=\"2025-03-26T16:27:49+00:00\" \/>\n<meta name=\"twitter:card\" content=\"summary_large_image\" \/>\n<meta name=\"twitter:label1\" content=\"Estimated reading time\" \/>\n\t<meta name=\"twitter:data1\" content=\"6 minutes\" \/>\n<script type=\"application\/ld+json\" class=\"yoast-schema-graph\">{\"@context\":\"https:\/\/schema.org\",\"@graph\":[{\"@type\":\"WebPage\",\"@id\":\"https:\/\/www.caracteres-paris.com\/politique-de-confidentialite\/\",\"url\":\"https:\/\/www.caracteres-paris.com\/politique-de-confidentialite\/\",\"name\":\"Politique de Confidentialit\u00e9 - Caract\u00e8res Paris\",\"isPartOf\":{\"@id\":\"https:\/\/www.caracteres-paris.com:80\/#website\"},\"datePublished\":\"2024-07-17T12:24:03+00:00\",\"dateModified\":\"2025-03-26T16:27:49+00:00\",\"breadcrumb\":{\"@id\":\"https:\/\/www.caracteres-paris.com\/politique-de-confidentialite\/#breadcrumb\"},\"inLanguage\":\"en-GB\",\"potentialAction\":[{\"@type\":\"ReadAction\",\"target\":[\"https:\/\/www.caracteres-paris.com\/politique-de-confidentialite\/\"]}]},{\"@type\":\"BreadcrumbList\",\"@id\":\"https:\/\/www.caracteres-paris.com\/politique-de-confidentialite\/#breadcrumb\",\"itemListElement\":[{\"@type\":\"ListItem\",\"position\":1,\"name\":\"Accueil\",\"item\":\"https:\/\/www.caracteres-paris.com\/\"},{\"@type\":\"ListItem\",\"position\":2,\"name\":\"Politique de Confidentialit\u00e9\"}]},{\"@type\":\"WebSite\",\"@id\":\"https:\/\/www.caracteres-paris.com:80\/#website\",\"url\":\"https:\/\/www.caracteres-paris.com:80\/\",\"name\":\"Caract\u00e8res Paris\",\"description\":\"Curation et gestion de projets d&#039;artisanat d&#039;art \u00e0 destination des entreprises\",\"publisher\":{\"@id\":\"https:\/\/www.caracteres-paris.com:80\/#organization\"},\"potentialAction\":[{\"@type\":\"SearchAction\",\"target\":{\"@type\":\"EntryPoint\",\"urlTemplate\":\"https:\/\/www.caracteres-paris.com:80\/?s={search_term_string}\"},\"query-input\":{\"@type\":\"PropertyValueSpecification\",\"valueRequired\":true,\"valueName\":\"search_term_string\"}}],\"inLanguage\":\"en-GB\"},{\"@type\":\"Organization\",\"@id\":\"https:\/\/www.caracteres-paris.com:80\/#organization\",\"name\":\"Caract\u00e8res Paris\",\"url\":\"https:\/\/www.caracteres-paris.com:80\/\",\"logo\":{\"@type\":\"ImageObject\",\"inLanguage\":\"en-GB\",\"@id\":\"https:\/\/www.caracteres-paris.com:80\/#\/schema\/logo\/image\/\",\"url\":\"https:\/\/www.caracteres-paris.com\/wp-content\/uploads\/2024\/07\/LOGO_CP_NOIR.svg\",\"contentUrl\":\"https:\/\/www.caracteres-paris.com\/wp-content\/uploads\/2024\/07\/LOGO_CP_NOIR.svg\",\"width\":484,\"height\":157,\"caption\":\"Caract\u00e8res Paris\"},\"image\":{\"@id\":\"https:\/\/www.caracteres-paris.com:80\/#\/schema\/logo\/image\/\"},\"sameAs\":[\"https:\/\/www.facebook.com\/caracteresparis\",\"https:\/\/www.instagram.com\/caracteresparis\/\",\"https:\/\/www.linkedin.com\/company\/caracteres-paris\/\"]}]}<\/script>\n<!-- \/ Yoast SEO plugin. -->","yoast_head_json":{"title":"Politique de Confidentialit\u00e9 - Caract\u00e8res Paris","robots":{"index":"noindex","follow":"nofollow"},"og_locale":"en_GB","og_type":"article","og_title":"Politique de Confidentialit\u00e9 - Caract\u00e8res Paris","og_description":"Notre Politique de protection des donn\u00e9es \u00e0 caract\u00e8re personnel Dans le cadre de l\u2019entr\u00e9e en vigueur du R\u00e8glement Europ\u00e9en pour la Protection des Donn\u00e9es \u00e0 caract\u00e8re personnel, nous souhaitons vous informer en transparence de la mani\u00e8re dont Caract\u00e8res collecte et utilise les donn\u00e9es personnelles, c\u2019est-\u00e0-dire toute information se rapportant \u00e0 une personne physique identifi\u00e9e ou [&hellip;]","og_url":"https:\/\/www.caracteres-paris.com\/en\/politique-de-confidentialite\/","og_site_name":"Caract\u00e8res Paris","article_publisher":"https:\/\/www.facebook.com\/caracteresparis","article_modified_time":"2025-03-26T16:27:49+00:00","twitter_card":"summary_large_image","twitter_misc":{"Estimated reading time":"6 minutes"},"schema":{"@context":"https:\/\/schema.org","@graph":[{"@type":"WebPage","@id":"https:\/\/www.caracteres-paris.com\/politique-de-confidentialite\/","url":"https:\/\/www.caracteres-paris.com\/politique-de-confidentialite\/","name":"Politique de Confidentialit\u00e9 - Caract\u00e8res Paris","isPartOf":{"@id":"https:\/\/www.caracteres-paris.com:80\/#website"},"datePublished":"2024-07-17T12:24:03+00:00","dateModified":"2025-03-26T16:27:49+00:00","breadcrumb":{"@id":"https:\/\/www.caracteres-paris.com\/politique-de-confidentialite\/#breadcrumb"},"inLanguage":"en-GB","potentialAction":[{"@type":"ReadAction","target":["https:\/\/www.caracteres-paris.com\/politique-de-confidentialite\/"]}]},{"@type":"BreadcrumbList","@id":"https:\/\/www.caracteres-paris.com\/politique-de-confidentialite\/#breadcrumb","itemListElement":[{"@type":"ListItem","position":1,"name":"Accueil","item":"https:\/\/www.caracteres-paris.com\/"},{"@type":"ListItem","position":2,"name":"Politique de Confidentialit\u00e9"}]},{"@type":"WebSite","@id":"https:\/\/www.caracteres-paris.com:80\/#website","url":"https:\/\/www.caracteres-paris.com:80\/","name":"Caract\u00e8res Paris","description":"Curation et gestion de projets d&#039;artisanat d&#039;art \u00e0 destination des entreprises","publisher":{"@id":"https:\/\/www.caracteres-paris.com:80\/#organization"},"potentialAction":[{"@type":"SearchAction","target":{"@type":"EntryPoint","urlTemplate":"https:\/\/www.caracteres-paris.com:80\/?s={search_term_string}"},"query-input":{"@type":"PropertyValueSpecification","valueRequired":true,"valueName":"search_term_string"}}],"inLanguage":"en-GB"},{"@type":"Organization","@id":"https:\/\/www.caracteres-paris.com:80\/#organization","name":"Caract\u00e8res Paris","url":"https:\/\/www.caracteres-paris.com:80\/","logo":{"@type":"ImageObject","inLanguage":"en-GB","@id":"https:\/\/www.caracteres-paris.com:80\/#\/schema\/logo\/image\/","url":"https:\/\/www.caracteres-paris.com\/wp-content\/uploads\/2024\/07\/LOGO_CP_NOIR.svg","contentUrl":"https:\/\/www.caracteres-paris.com\/wp-content\/uploads\/2024\/07\/LOGO_CP_NOIR.svg","width":484,"height":157,"caption":"Caract\u00e8res Paris"},"image":{"@id":"https:\/\/www.caracteres-paris.com:80\/#\/schema\/logo\/image\/"},"sameAs":["https:\/\/www.facebook.com\/caracteresparis","https:\/\/www.instagram.com\/caracteresparis\/","https:\/\/www.linkedin.com\/company\/caracteres-paris\/"]}]}},"_links":{"self":[{"href":"https:\/\/www.caracteres-paris.com\/en\/wp-json\/wp\/v2\/pages\/2441","targetHints":{"allow":["GET"]}}],"collection":[{"href":"https:\/\/www.caracteres-paris.com\/en\/wp-json\/wp\/v2\/pages"}],"about":[{"href":"https:\/\/www.caracteres-paris.com\/en\/wp-json\/wp\/v2\/types\/page"}],"author":[{"embeddable":true,"href":"https:\/\/www.caracteres-paris.com\/en\/wp-json\/wp\/v2\/users\/1"}],"replies":[{"embeddable":true,"href":"https:\/\/www.caracteres-paris.com\/en\/wp-json\/wp\/v2\/comments?post=2441"}],"version-history":[{"count":10,"href":"https:\/\/www.caracteres-paris.com\/en\/wp-json\/wp\/v2\/pages\/2441\/revisions"}],"predecessor-version":[{"id":2451,"href":"https:\/\/www.caracteres-paris.com\/en\/wp-json\/wp\/v2\/pages\/2441\/revisions\/2451"}],"wp:attachment":[{"href":"https:\/\/www.caracteres-paris.com\/en\/wp-json\/wp\/v2\/media?parent=2441"}],"curies":[{"name":"wp","href":"https:\/\/api.w.org\/{rel}","templated":true}]}}