{"id":246,"date":"2024-07-15T09:59:02","date_gmt":"2024-07-15T07:59:02","guid":{"rendered":"https:\/\/www.caracteres-paris.com\/?page_id=246"},"modified":"2025-06-09T15:36:04","modified_gmt":"2025-06-09T13:36:04","slug":"a-propos","status":"publish","type":"page","link":"https:\/\/www.caracteres-paris.com\/en\/a-propos\/","title":{"rendered":"About"},"content":{"rendered":"<div data-elementor-type=\"wp-page\" data-elementor-id=\"246\" class=\"elementor elementor-246\" data-elementor-post-type=\"page\">\n\t\t\t\t<div class=\"elementor-element elementor-element-0bb26cb e-flex e-con-boxed e-con e-parent\" data-id=\"0bb26cb\" data-element_type=\"container\">\n\t\t\t\t\t<div class=\"e-con-inner\">\n\t\t\t\t<div class=\"elementor-element elementor-element-9d5a8e2 elementor-widget elementor-widget-heading\" data-id=\"9d5a8e2\" data-element_type=\"widget\" data-widget_type=\"heading.default\">\n\t\t\t\t<div class=\"elementor-widget-container\">\n\t\t\t<h1 class=\"elementor-heading-title elementor-size-default\">About<\/h1>\t\t<\/div>\n\t\t\t\t<\/div>\n\t\t<div class=\"elementor-element elementor-element-f7dbc4a e-con-full e-flex e-con e-child\" data-id=\"f7dbc4a\" data-element_type=\"container\">\n\t\t<div class=\"elementor-element elementor-element-17bf585 e-con-full e-flex e-con e-child\" data-id=\"17bf585\" data-element_type=\"container\">\n\t\t\t\t<div class=\"elementor-element elementor-element-a1b6b05 elementor-widget elementor-widget-image\" data-id=\"a1b6b05\" data-element_type=\"widget\" data-widget_type=\"image.default\">\n\t\t\t\t<div class=\"elementor-widget-container\">\n\t\t\t\t\t\t\t\t\t\t\t\t\t<img decoding=\"async\" src=\"https:\/\/www.caracteres-paris.com\/wp-content\/uploads\/2024\/11\/Photo-de-groupe-couleur.jpg\" class=\"attachment-full size-full wp-image-3198\" alt=\"Caracteres Paris, \u00e9quipe\" \/>\t\t\t\t\t\t\t\t\t\t\t\t\t<\/div>\n\t\t\t\t<\/div>\n\t\t\t\t<\/div>\n\t\t<div class=\"elementor-element elementor-element-12a9329 e-con-full e-flex e-con e-child\" data-id=\"12a9329\" data-element_type=\"container\">\n\t\t\t\t<div class=\"elementor-element elementor-element-efcc8ef elementor-widget elementor-widget-heading\" data-id=\"efcc8ef\" data-element_type=\"widget\" data-widget_type=\"heading.default\">\n\t\t\t\t<div class=\"elementor-widget-container\">\n\t\t\t<h2 class=\"elementor-heading-title elementor-size-default\">Caract\u00e8res is the pre-eminent agency specialising in brand enhancement through Contemporary Art Craftsmanship.<\/h2>\t\t<\/div>\n\t\t\t\t<\/div>\n\t\t\t\t<div class=\"elementor-element elementor-element-b8008ca elementor-widget elementor-widget-text-editor\" data-id=\"b8008ca\" data-element_type=\"widget\" data-widget_type=\"text-editor.default\">\n\t\t\t\t<div class=\"elementor-widget-container\">\n\t\t\t\t\t\t\t<div class=\"page\" title=\"Page 5\"><div class=\"layoutArea\"><div class=\"column\"><div class=\"page\" title=\"Page 8\"><div class=\"layoutArea\"><div class=\"column\"><div class=\"page\" title=\"Page 6\"><div class=\"section\"><div class=\"layoutArea\"><div class=\"column\"><p>Our aim is to highlight the identity of brands, houses and institutions through the orchestration of the creative work of artists, craftspeople and designers.<\/p><p>In our digital and dematerialised world, Caract\u00e8res\u2019 intention is to develop a tangible and vital link between brands and their audiences, thus expanding their potential for real, emotional and human experiences through the use of Art and Materials.<\/p><p>In its role as strategist and storyteller, Caract\u00e8res creates and produces objects, limited editions, experiences, staging of authentic aesthetic and emotional value in order to promote brands and inspire their audiences.<\/p><p>The agency acts as both a talent seeker and intermediary via its exceptional network of craftspeople, artists and material designers, and in this way, is committed to heightening the perceived uniqueness of each brand, house or institution.<\/p><p>These alliances between brands and the artisans of tomorrow characterise a vision of beauty and work toward its transmission, engaging the 'aesthetic responsibility' of brands toward society and its communities.<\/p><\/div><\/div><\/div><\/div><\/div><\/div><\/div><\/div><\/div><\/div>\t\t\t\t\t\t<\/div>\n\t\t\t\t<\/div>\n\t\t\t\t<\/div>\n\t\t\t\t<\/div>\n\t\t\t\t<div class=\"elementor-element elementor-element-93963bd elementor-widget elementor-widget-heading\" data-id=\"93963bd\" data-element_type=\"widget\" data-widget_type=\"heading.default\">\n\t\t\t\t<div class=\"elementor-widget-container\">\n\t\t\t<h1 class=\"elementor-heading-title elementor-size-default\">Our Story<\/h1>\t\t<\/div>\n\t\t\t\t<\/div>\n\t\t<div class=\"elementor-element elementor-element-d5d0aab e-con-full e-flex e-con e-child\" data-id=\"d5d0aab\" data-element_type=\"container\">\n\t\t<div class=\"elementor-element elementor-element-88a1d06 e-con-full e-flex e-con e-child\" data-id=\"88a1d06\" data-element_type=\"container\">\n\t\t\t\t<div class=\"elementor-element elementor-element-0a420d4 elementor-widget elementor-widget-text-editor\" data-id=\"0a420d4\" data-element_type=\"widget\" data-widget_type=\"text-editor.default\">\n\t\t\t\t<div class=\"elementor-widget-container\">\n\t\t\t\t\t\t\t<p>Born from a strong desire to act through entrepreneurship, to create beauty through objects that have meaning and that last, Daphn\u00e9 Aub\u00e9 decided to found Caract\u00e8res in 2020, the result of a double observation:\u00a0<\/p><p>The need for brands to create unique and authentic experiences and to differentiate themselves  in order to answer the expectations of HNWI consumers.<\/p><p>The need for artists and artisans to gain greater visibility in order to develop their creativity on unique projects.<\/p>\t\t\t\t\t\t<\/div>\n\t\t\t\t<\/div>\n\t\t\t\t<\/div>\n\t\t<div class=\"elementor-element elementor-element-120ed24 e-con-full e-flex e-con e-child\" data-id=\"120ed24\" data-element_type=\"container\">\n\t\t\t\t<div class=\"elementor-element elementor-element-afb838d elementor-widget elementor-widget-image\" data-id=\"afb838d\" data-element_type=\"widget\" data-widget_type=\"image.default\">\n\t\t\t\t<div class=\"elementor-widget-container\">\n\t\t\t\t\t\t\t\t\t\t\t\t\t<img decoding=\"async\" src=\"https:\/\/www.caracteres-paris.com\/wp-content\/uploads\/2024\/10\/Daphne-Aube.jpg\" class=\"attachment-full size-full wp-image-3059\" alt=\"\" \/>\t\t\t\t\t\t\t\t\t\t\t\t\t<\/div>\n\t\t\t\t<\/div>\n\t\t\t\t<\/div>\n\t\t\t\t<\/div>\n\t\t\t\t\t<\/div>\n\t\t\t\t<\/div>\n\t\t<div class=\"elementor-element elementor-element-0312b70 e-flex e-con-boxed e-con e-parent\" data-id=\"0312b70\" data-element_type=\"container\">\n\t\t\t\t\t<div class=\"e-con-inner\">\n\t\t\t\t\t<\/div>\n\t\t\t\t<\/div>\n\t\t\t\t<\/div>","protected":false},"excerpt":{"rendered":"<p>A propos Caract\u00e8res est l\u2019agence r\u00e9f\u00e9rente de valorisation des marques par l&rsquo;artisanat d&rsquo;art contemporain. Nous sublimons l\u2019identite\u0301 des marques, maisons ou institutions en orchestrant pour elles l\u2019intervention d\u2019artistes et designers de la matie\u0300re. Dans un monde digital et de\u0301mate\u0301rialise\u0301, Caracte\u0300res de\u0301veloppe un lien tangible et vivant entre les marques et leurs publics, augmentant leur capital [&hellip;]<\/p>","protected":false},"author":1,"featured_media":0,"parent":0,"menu_order":0,"comment_status":"closed","ping_status":"closed","template":"","meta":{"footnotes":""},"class_list":["post-246","page","type-page","status-publish","hentry"],"yoast_head":"<!-- This site is optimized with the Yoast SEO plugin v23.6 - https:\/\/yoast.com\/wordpress\/plugins\/seo\/ -->\n<title>Caract\u00e8res Paris - A propos<\/title>\n<meta name=\"description\" content=\"Caract\u00e8res valorise les marques par l\u2019artisanat d\u2019art contemporain : exp\u00e9riences uniques, objets d\u2019exception et sc\u00e9nographies.\" \/>\n<meta name=\"robots\" content=\"index, follow, max-snippet:-1, max-image-preview:large, max-video-preview:-1\" \/>\n<link rel=\"canonical\" href=\"https:\/\/www.caracteres-paris.com\/en\/a-propos\/\" \/>\n<meta property=\"og:locale\" content=\"en_GB\" \/>\n<meta property=\"og:type\" content=\"article\" \/>\n<meta property=\"og:title\" content=\"Caract\u00e8res Paris - A propos\" \/>\n<meta property=\"og:description\" content=\"Caract\u00e8res valorise les marques par l\u2019artisanat d\u2019art contemporain : exp\u00e9riences uniques, objets d\u2019exception et sc\u00e9nographies.\" \/>\n<meta property=\"og:url\" content=\"https:\/\/www.caracteres-paris.com\/en\/a-propos\/\" \/>\n<meta property=\"og:site_name\" content=\"Caract\u00e8res Paris\" \/>\n<meta property=\"article:publisher\" content=\"https:\/\/www.facebook.com\/caracteresparis\" \/>\n<meta property=\"article:modified_time\" content=\"2025-06-09T13:36:04+00:00\" \/>\n<meta property=\"og:image\" content=\"https:\/\/www.caracteres-paris.com\/wp-content\/uploads\/2024\/11\/Photo-de-groupe-couleur.jpg\" \/>\n<meta name=\"twitter:card\" content=\"summary_large_image\" \/>\n<meta name=\"twitter:label1\" content=\"Estimated reading time\" \/>\n\t<meta name=\"twitter:data1\" content=\"2 minutes\" \/>\n<script type=\"application\/ld+json\" class=\"yoast-schema-graph\">{\"@context\":\"https:\/\/schema.org\",\"@graph\":[{\"@type\":[\"WebPage\",\"AboutPage\"],\"@id\":\"https:\/\/www.caracteres-paris.com\/a-propos\/\",\"url\":\"https:\/\/www.caracteres-paris.com\/a-propos\/\",\"name\":\"Caract\u00e8res Paris - A propos\",\"isPartOf\":{\"@id\":\"https:\/\/www.caracteres-paris.com:80\/#website\"},\"primaryImageOfPage\":{\"@id\":\"https:\/\/www.caracteres-paris.com\/a-propos\/#primaryimage\"},\"image\":{\"@id\":\"https:\/\/www.caracteres-paris.com\/a-propos\/#primaryimage\"},\"thumbnailUrl\":\"https:\/\/www.caracteres-paris.com\/wp-content\/uploads\/2024\/11\/Photo-de-groupe-couleur.jpg\",\"datePublished\":\"2024-07-15T07:59:02+00:00\",\"dateModified\":\"2025-06-09T13:36:04+00:00\",\"description\":\"Caract\u00e8res valorise les marques par l\u2019artisanat d\u2019art contemporain : exp\u00e9riences uniques, objets d\u2019exception et sc\u00e9nographies.\",\"breadcrumb\":{\"@id\":\"https:\/\/www.caracteres-paris.com\/a-propos\/#breadcrumb\"},\"inLanguage\":\"en-GB\",\"potentialAction\":[{\"@type\":\"ReadAction\",\"target\":[\"https:\/\/www.caracteres-paris.com\/a-propos\/\"]}]},{\"@type\":\"ImageObject\",\"inLanguage\":\"en-GB\",\"@id\":\"https:\/\/www.caracteres-paris.com\/a-propos\/#primaryimage\",\"url\":\"https:\/\/www.caracteres-paris.com\/wp-content\/uploads\/2024\/11\/Photo-de-groupe-couleur.jpg\",\"contentUrl\":\"https:\/\/www.caracteres-paris.com\/wp-content\/uploads\/2024\/11\/Photo-de-groupe-couleur.jpg\"},{\"@type\":\"BreadcrumbList\",\"@id\":\"https:\/\/www.caracteres-paris.com\/a-propos\/#breadcrumb\",\"itemListElement\":[{\"@type\":\"ListItem\",\"position\":1,\"name\":\"Accueil\",\"item\":\"https:\/\/www.caracteres-paris.com\/\"},{\"@type\":\"ListItem\",\"position\":2,\"name\":\"A propos\"}]},{\"@type\":\"WebSite\",\"@id\":\"https:\/\/www.caracteres-paris.com:80\/#website\",\"url\":\"https:\/\/www.caracteres-paris.com:80\/\",\"name\":\"Caract\u00e8res Paris\",\"description\":\"Curation et gestion de projets d&#039;artisanat d&#039;art \u00e0 destination des entreprises\",\"publisher\":{\"@id\":\"https:\/\/www.caracteres-paris.com:80\/#organization\"},\"potentialAction\":[{\"@type\":\"SearchAction\",\"target\":{\"@type\":\"EntryPoint\",\"urlTemplate\":\"https:\/\/www.caracteres-paris.com:80\/?s={search_term_string}\"},\"query-input\":{\"@type\":\"PropertyValueSpecification\",\"valueRequired\":true,\"valueName\":\"search_term_string\"}}],\"inLanguage\":\"en-GB\"},{\"@type\":\"Organization\",\"@id\":\"https:\/\/www.caracteres-paris.com:80\/#organization\",\"name\":\"Caract\u00e8res Paris\",\"url\":\"https:\/\/www.caracteres-paris.com:80\/\",\"logo\":{\"@type\":\"ImageObject\",\"inLanguage\":\"en-GB\",\"@id\":\"https:\/\/www.caracteres-paris.com:80\/#\/schema\/logo\/image\/\",\"url\":\"https:\/\/www.caracteres-paris.com\/wp-content\/uploads\/2024\/07\/LOGO_CP_NOIR.svg\",\"contentUrl\":\"https:\/\/www.caracteres-paris.com\/wp-content\/uploads\/2024\/07\/LOGO_CP_NOIR.svg\",\"width\":484,\"height\":157,\"caption\":\"Caract\u00e8res Paris\"},\"image\":{\"@id\":\"https:\/\/www.caracteres-paris.com:80\/#\/schema\/logo\/image\/\"},\"sameAs\":[\"https:\/\/www.facebook.com\/caracteresparis\",\"https:\/\/www.instagram.com\/caracteresparis\/\",\"https:\/\/www.linkedin.com\/company\/caracteres-paris\/\"]}]}<\/script>\n<!-- \/ Yoast SEO plugin. -->","yoast_head_json":{"title":"Caract\u00e8res Paris - A propos","description":"Caract\u00e8res valorise les marques par l\u2019artisanat d\u2019art contemporain : exp\u00e9riences uniques, objets d\u2019exception et sc\u00e9nographies.","robots":{"index":"index","follow":"follow","max-snippet":"max-snippet:-1","max-image-preview":"max-image-preview:large","max-video-preview":"max-video-preview:-1"},"canonical":"https:\/\/www.caracteres-paris.com\/en\/a-propos\/","og_locale":"en_GB","og_type":"article","og_title":"Caract\u00e8res Paris - A propos","og_description":"Caract\u00e8res valorise les marques par l\u2019artisanat d\u2019art contemporain : exp\u00e9riences uniques, objets d\u2019exception et sc\u00e9nographies.","og_url":"https:\/\/www.caracteres-paris.com\/en\/a-propos\/","og_site_name":"Caract\u00e8res Paris","article_publisher":"https:\/\/www.facebook.com\/caracteresparis","article_modified_time":"2025-06-09T13:36:04+00:00","og_image":[{"url":"https:\/\/www.caracteres-paris.com\/wp-content\/uploads\/2024\/11\/Photo-de-groupe-couleur.jpg"}],"twitter_card":"summary_large_image","twitter_misc":{"Estimated reading time":"2 minutes"},"schema":{"@context":"https:\/\/schema.org","@graph":[{"@type":["WebPage","AboutPage"],"@id":"https:\/\/www.caracteres-paris.com\/a-propos\/","url":"https:\/\/www.caracteres-paris.com\/a-propos\/","name":"Caract\u00e8res Paris - A propos","isPartOf":{"@id":"https:\/\/www.caracteres-paris.com:80\/#website"},"primaryImageOfPage":{"@id":"https:\/\/www.caracteres-paris.com\/a-propos\/#primaryimage"},"image":{"@id":"https:\/\/www.caracteres-paris.com\/a-propos\/#primaryimage"},"thumbnailUrl":"https:\/\/www.caracteres-paris.com\/wp-content\/uploads\/2024\/11\/Photo-de-groupe-couleur.jpg","datePublished":"2024-07-15T07:59:02+00:00","dateModified":"2025-06-09T13:36:04+00:00","description":"Caract\u00e8res valorise les marques par l\u2019artisanat d\u2019art contemporain : exp\u00e9riences uniques, objets d\u2019exception et sc\u00e9nographies.","breadcrumb":{"@id":"https:\/\/www.caracteres-paris.com\/a-propos\/#breadcrumb"},"inLanguage":"en-GB","potentialAction":[{"@type":"ReadAction","target":["https:\/\/www.caracteres-paris.com\/a-propos\/"]}]},{"@type":"ImageObject","inLanguage":"en-GB","@id":"https:\/\/www.caracteres-paris.com\/a-propos\/#primaryimage","url":"https:\/\/www.caracteres-paris.com\/wp-content\/uploads\/2024\/11\/Photo-de-groupe-couleur.jpg","contentUrl":"https:\/\/www.caracteres-paris.com\/wp-content\/uploads\/2024\/11\/Photo-de-groupe-couleur.jpg"},{"@type":"BreadcrumbList","@id":"https:\/\/www.caracteres-paris.com\/a-propos\/#breadcrumb","itemListElement":[{"@type":"ListItem","position":1,"name":"Accueil","item":"https:\/\/www.caracteres-paris.com\/"},{"@type":"ListItem","position":2,"name":"A propos"}]},{"@type":"WebSite","@id":"https:\/\/www.caracteres-paris.com:80\/#website","url":"https:\/\/www.caracteres-paris.com:80\/","name":"Caract\u00e8res Paris","description":"Curation et gestion de projets d&#039;artisanat d&#039;art \u00e0 destination des entreprises","publisher":{"@id":"https:\/\/www.caracteres-paris.com:80\/#organization"},"potentialAction":[{"@type":"SearchAction","target":{"@type":"EntryPoint","urlTemplate":"https:\/\/www.caracteres-paris.com:80\/?s={search_term_string}"},"query-input":{"@type":"PropertyValueSpecification","valueRequired":true,"valueName":"search_term_string"}}],"inLanguage":"en-GB"},{"@type":"Organization","@id":"https:\/\/www.caracteres-paris.com:80\/#organization","name":"Caract\u00e8res Paris","url":"https:\/\/www.caracteres-paris.com:80\/","logo":{"@type":"ImageObject","inLanguage":"en-GB","@id":"https:\/\/www.caracteres-paris.com:80\/#\/schema\/logo\/image\/","url":"https:\/\/www.caracteres-paris.com\/wp-content\/uploads\/2024\/07\/LOGO_CP_NOIR.svg","contentUrl":"https:\/\/www.caracteres-paris.com\/wp-content\/uploads\/2024\/07\/LOGO_CP_NOIR.svg","width":484,"height":157,"caption":"Caract\u00e8res Paris"},"image":{"@id":"https:\/\/www.caracteres-paris.com:80\/#\/schema\/logo\/image\/"},"sameAs":["https:\/\/www.facebook.com\/caracteresparis","https:\/\/www.instagram.com\/caracteresparis\/","https:\/\/www.linkedin.com\/company\/caracteres-paris\/"]}]}},"_links":{"self":[{"href":"https:\/\/www.caracteres-paris.com\/en\/wp-json\/wp\/v2\/pages\/246","targetHints":{"allow":["GET"]}}],"collection":[{"href":"https:\/\/www.caracteres-paris.com\/en\/wp-json\/wp\/v2\/pages"}],"about":[{"href":"https:\/\/www.caracteres-paris.com\/en\/wp-json\/wp\/v2\/types\/page"}],"author":[{"embeddable":true,"href":"https:\/\/www.caracteres-paris.com\/en\/wp-json\/wp\/v2\/users\/1"}],"replies":[{"embeddable":true,"href":"https:\/\/www.caracteres-paris.com\/en\/wp-json\/wp\/v2\/comments?post=246"}],"version-history":[{"count":55,"href":"https:\/\/www.caracteres-paris.com\/en\/wp-json\/wp\/v2\/pages\/246\/revisions"}],"predecessor-version":[{"id":3219,"href":"https:\/\/www.caracteres-paris.com\/en\/wp-json\/wp\/v2\/pages\/246\/revisions\/3219"}],"wp:attachment":[{"href":"https:\/\/www.caracteres-paris.com\/en\/wp-json\/wp\/v2\/media?parent=246"}],"curies":[{"name":"wp","href":"https:\/\/api.w.org\/{rel}","templated":true}]}}